{"id":13,"date":"2022-09-18T09:43:04","date_gmt":"2022-09-18T09:43:04","guid":{"rendered":"https:\/\/derechoscivilesrm.com\/?page_id=13"},"modified":"2025-11-11T07:29:11","modified_gmt":"2025-11-11T07:29:11","slug":"inicio","status":"publish","type":"page","link":"https:\/\/derechoscivilesrm.com\/","title":{"rendered":"Inicio"},"content":{"rendered":"\t\t<div data-elementor-type=\"wp-page\" data-elementor-id=\"13\" class=\"elementor elementor-13\">\n\t\t\t\t\t\t<section class=\"elementor-section elementor-top-section elementor-element elementor-element-634e9e0 elementor-section-full_width elementor-section-height-min-height elementor-section-stretched elementor-section-height-default elementor-section-items-middle\" data-id=\"634e9e0\" data-element_type=\"section\" data-e-type=\"section\" data-settings=\"{&quot;stretch_section&quot;:&quot;section-stretched&quot;,&quot;background_background&quot;:&quot;classic&quot;}\">\n\t\t\t\t\t\t<div class=\"elementor-container elementor-column-gap-no\">\n\t\t\t\t\t<div class=\"elementor-column elementor-col-100 elementor-top-column elementor-element elementor-element-5fa126f\" data-id=\"5fa126f\" data-element_type=\"column\" data-e-type=\"column\">\n\t\t\t<div class=\"elementor-widget-wrap\">\n\t\t\t\t\t\t\t<\/div>\n\t\t<\/div>\n\t\t\t\t\t<\/div>\n\t\t<\/section>\n\t\t\t\t<section class=\"elementor-section elementor-top-section elementor-element elementor-element-cbc6bd7 elementor-section-boxed elementor-section-height-default elementor-section-height-default\" data-id=\"cbc6bd7\" data-element_type=\"section\" data-e-type=\"section\">\n\t\t\t\t\t\t<div class=\"elementor-container elementor-column-gap-default\">\n\t\t\t\t\t<div class=\"elementor-column elementor-col-100 elementor-top-column elementor-element elementor-element-f5a133c\" data-id=\"f5a133c\" data-element_type=\"column\" data-e-type=\"column\">\n\t\t\t<div class=\"elementor-widget-wrap elementor-element-populated\">\n\t\t\t\t\t\t<div class=\"elementor-element elementor-element-98c0f04 elementor-widget elementor-widget-heading\" data-id=\"98c0f04\" data-element_type=\"widget\" data-e-type=\"widget\" data-widget_type=\"heading.default\">\n\t\t\t\t<div class=\"elementor-widget-container\">\n\t\t\t\t\t<h1 class=\"elementor-heading-title elementor-size-default\">Asociaci\u00f3n Pro Derechos Civiles Regi\u00f3n de Murcia<\/h1>\t\t\t\t<\/div>\n\t\t\t\t<\/div>\n\t\t\t\t<div class=\"elementor-element elementor-element-6d824ab elementor-widget elementor-widget-text-editor\" data-id=\"6d824ab\" data-element_type=\"widget\" data-e-type=\"widget\" data-widget_type=\"text-editor.default\">\n\t\t\t\t<div class=\"elementor-widget-container\">\n\t\t\t\t\t\t\t\t\t<p>Durante el verano de 2020 un grupo de personas de diversos puntos de Murcia y alrededores comenzamos a reunirnos.<\/p><p>Los motivos de esta confluencia no son ninguna particular afinidad ideol\u00f3gica, ni de relaci\u00f3n personal previa, ni de activismo pol\u00edtico o social compartido, ni de v\u00ednculo profesional o de otro tipo.<\/p><p>Lo que compart\u00edamos, como ciudadanos, es una gran preocupaci\u00f3n, una abierta cr\u00edtica y una profunda indignaci\u00f3n ante las medidas gubernamentales que a lo largo del a\u00f1o 2020 han ido implant\u00e1ndose so capa de la declaraci\u00f3n de pandemia mundial.<\/p><p>El punto central que nos une es la protesta ante los atentados, repetidos decreto tras decreto, contra los derechos ciudadanos consagrados en la constituci\u00f3n y las leyes.<\/p><p>As\u00ed, derechos fundamentales como la libre circulaci\u00f3n, el derecho al trabajo, el derecho a acompa\u00f1ar a nuestros familiares enfermos, el derecho de reuni\u00f3n, el derecho a aceptar o no tratamientos terap\u00e9uticos, diagn\u00f3sticos o preventivos, etc., etc. est\u00e1n siendo vulnerados por medio de normas de rango inferior a las que los recogen.<\/p><p>La justificaci\u00f3n de los estamentos gubernativos para la imposici\u00f3n de estas restricciones de derechos individuales y colectivos se basa en \u201cla protecci\u00f3n de la salud p\u00fablica\u201d. Ahora bien, los fundamentos cient\u00edficos de las medidas ofrecen muchas dudas y han sido contestados por eminentes profesionales, tanto en Espa\u00f1a como en el resto del mundo.<\/p><p>Sin embargo, la cr\u00edtica abierta y libre ha sido ignorada, descalificada y censurada con procedimientos incompatibles con la democracia. As\u00ed, los medios de comunicaci\u00f3n han sido, en su mayor\u00eda, alineados en la propagaci\u00f3n de un pensamiento \u00fanico: el oficial, al que hay que acatar ciegamente.<\/p><p>Los due\u00f1os de las redes sociales han implementado sistemas de vigilancia, control y censura. Los tribunales inferiores han sido despose\u00eddos de su funci\u00f3n de atender las demandas contra las medidas lesivas de derechos.<\/p><p>Se promueve la confrontaci\u00f3n social incitando a los ciudadanos a ser agentes denunciadores de quienes objeten o se rebelen contra la imposici\u00f3n de normas lesivas o arbitrarias\u2026<\/p><p>Consideramos este estado de cosas como muy grave y nos preocupan los signos de incremento futuro del autoritarismo y del control social. Motivos de alarma no nos faltan:<\/p><ul><li>El da\u00f1o a las relaciones c\u00edvicas mediante la propagaci\u00f3n del terror, que nos convierten a todos en agentes potencialmente mort\u00edferos e infecciosos.<\/li><li>Los atentados al desarrollo sano de los ni\u00f1os, priv\u00e1ndoles de satisfacer sus necesidades naturales de juego y relaci\u00f3n con seguridad y confianza.<\/li><li>La imposici\u00f3n de vacunas nuevas, aprobadas sin controles suficientes y sin garant\u00edas de seguridad y eficacia (y sin responsabilidades por sus potenciales da\u00f1os), que pueden comprometer la salud y la reproducci\u00f3n de las generaciones j\u00f3venes.<\/li><li>El aumento de las depresiones y suicidios.<\/li><li>La implantaci\u00f3n de la tecnolog\u00eda 5G de comunicaciones sin las debidas comprobaciones respecto a sus efectos sobre la salud que aconseja el principio de prudencia.<\/li><li>La destrucci\u00f3n de los sectores m\u00e1s populares y humildes de la econom\u00eda, en base a intereses de las grandes corporaciones multinacionales.<\/li><\/ul><p>Todo ello constituye el nexo de uni\u00f3n que nos motiva a hacer todo lo que podamos en defensa de los derechos civiles maltratados o perdidos en el \u00faltimo a\u00f1o.<\/p><p>En el Manifiesto fundacional expresamos de forma resumida nuestra posici\u00f3n ante los principales aspectos de la situaci\u00f3n que estamos viviendo.<\/p>\t\t\t\t\t\t\t\t<\/div>\n\t\t\t\t<\/div>\n\t\t\t\t<div class=\"elementor-element elementor-element-19763fd elementor-align-center elementor-widget elementor-widget-button\" data-id=\"19763fd\" data-element_type=\"widget\" data-e-type=\"widget\" data-widget_type=\"button.default\">\n\t\t\t\t<div class=\"elementor-widget-container\">\n\t\t\t\t\t\t\t\t\t<div class=\"elementor-button-wrapper\">\n\t\t\t\t\t<a class=\"elementor-button elementor-button-link elementor-size-sm\" href=\"https:\/\/derechoscivilesrm.com\/wp-content\/uploads\/2022\/09\/2-MANIFIESTO.pdf\">\n\t\t\t\t\t\t<span class=\"elementor-button-content-wrapper\">\n\t\t\t\t\t\t<span class=\"elementor-button-icon\">\n\t\t\t\t<i aria-hidden=\"true\" class=\"fas fa-book-reader\"><\/i>\t\t\t<\/span>\n\t\t\t\t\t\t\t\t\t<span class=\"elementor-button-text\">Leer el manifiesto<\/span>\n\t\t\t\t\t<\/span>\n\t\t\t\t\t<\/a>\n\t\t\t\t<\/div>\n\t\t\t\t\t\t\t\t<\/div>\n\t\t\t\t<\/div>\n\t\t\t\t\t<\/div>\n\t\t<\/div>\n\t\t\t\t\t<\/div>\n\t\t<\/section>\n\t\t\t\t<section class=\"elementor-section elementor-top-section elementor-element elementor-element-920e7d8 elementor-section-boxed elementor-section-height-default elementor-section-height-default\" data-id=\"920e7d8\" data-element_type=\"section\" data-e-type=\"section\">\n\t\t\t\t\t\t<div class=\"elementor-container elementor-column-gap-default\">\n\t\t\t\t\t<div class=\"elementor-column elementor-col-100 elementor-top-column elementor-element elementor-element-4629dd3\" data-id=\"4629dd3\" data-element_type=\"column\" data-e-type=\"column\">\n\t\t\t<div class=\"elementor-widget-wrap elementor-element-populated\">\n\t\t\t\t\t\t<div class=\"elementor-element elementor-element-142d852 elementor-widget elementor-widget-menu-anchor\" data-id=\"142d852\" data-element_type=\"widget\" data-e-type=\"widget\" data-widget_type=\"menu-anchor.default\">\n\t\t\t\t<div class=\"elementor-widget-container\">\n\t\t\t\t\t\t\t<div class=\"elementor-menu-anchor\" id=\"contacto\"><\/div>\n\t\t\t\t\t\t<\/div>\n\t\t\t\t<\/div>\n\t\t\t\t<div class=\"elementor-element elementor-element-faffec9 elementor-widget elementor-widget-heading\" data-id=\"faffec9\" data-element_type=\"widget\" data-e-type=\"widget\" data-widget_type=\"heading.default\">\n\t\t\t\t<div class=\"elementor-widget-container\">\n\t\t\t\t\t<h2 class=\"elementor-heading-title elementor-size-default\">Contacto<\/h2>\t\t\t\t<\/div>\n\t\t\t\t<\/div>\n\t\t\t\t<div class=\"elementor-element elementor-element-5007108 elementor-align-center elementor-widget elementor-widget-button\" data-id=\"5007108\" data-element_type=\"widget\" data-e-type=\"widget\" data-widget_type=\"button.default\">\n\t\t\t\t<div class=\"elementor-widget-container\">\n\t\t\t\t\t\t\t\t\t<div class=\"elementor-button-wrapper\">\n\t\t\t\t\t<a class=\"elementor-button elementor-button-link elementor-size-sm\" href=\"mailto:asociacionproderechosmurcia@gmail.com\">\n\t\t\t\t\t\t<span class=\"elementor-button-content-wrapper\">\n\t\t\t\t\t\t<span class=\"elementor-button-icon\">\n\t\t\t\t<i aria-hidden=\"true\" class=\"far fa-envelope\"><\/i>\t\t\t<\/span>\n\t\t\t\t\t\t\t\t\t<span class=\"elementor-button-text\">asociacionproderechosmurcia@gmail.com<\/span>\n\t\t\t\t\t<\/span>\n\t\t\t\t\t<\/a>\n\t\t\t\t<\/div>\n\t\t\t\t\t\t\t\t<\/div>\n\t\t\t\t<\/div>\n\t\t\t\t\t<\/div>\n\t\t<\/div>\n\t\t\t\t\t<\/div>\n\t\t<\/section>\n\t\t\t\t<\/div>\n\t\t","protected":false},"excerpt":{"rendered":"<p>Asociaci\u00f3n Pro Derechos Civiles Regi\u00f3n de Murcia Durante el verano de 2020 un grupo de personas de diversos puntos de Murcia y alrededores comenzamos a reunirnos. Los motivos de esta confluencia no son ninguna particular afinidad ideol\u00f3gica, ni de relaci\u00f3n personal previa, ni de activismo pol\u00edtico o social compartido, ni de v\u00ednculo profesional o de &#8230; <a title=\"Inicio\" class=\"read-more\" href=\"https:\/\/derechoscivilesrm.com\/\" aria-label=\"Leer m\u00e1s sobre Inicio\">Leer m\u00e1s<\/a><\/p>\n","protected":false},"author":1,"featured_media":0,"parent":0,"menu_order":0,"comment_status":"closed","ping_status":"closed","template":"elementor_header_footer","meta":{"footnotes":""},"class_list":["post-13","page","type-page","status-publish"],"_links":{"self":[{"href":"https:\/\/derechoscivilesrm.com\/index.php?rest_route=\/wp\/v2\/pages\/13","targetHints":{"allow":["GET"]}}],"collection":[{"href":"https:\/\/derechoscivilesrm.com\/index.php?rest_route=\/wp\/v2\/pages"}],"about":[{"href":"https:\/\/derechoscivilesrm.com\/index.php?rest_route=\/wp\/v2\/types\/page"}],"author":[{"embeddable":true,"href":"https:\/\/derechoscivilesrm.com\/index.php?rest_route=\/wp\/v2\/users\/1"}],"replies":[{"embeddable":true,"href":"https:\/\/derechoscivilesrm.com\/index.php?rest_route=%2Fwp%2Fv2%2Fcomments&post=13"}],"version-history":[{"count":43,"href":"https:\/\/derechoscivilesrm.com\/index.php?rest_route=\/wp\/v2\/pages\/13\/revisions"}],"predecessor-version":[{"id":303,"href":"https:\/\/derechoscivilesrm.com\/index.php?rest_route=\/wp\/v2\/pages\/13\/revisions\/303"}],"wp:attachment":[{"href":"https:\/\/derechoscivilesrm.com\/index.php?rest_route=%2Fwp%2Fv2%2Fmedia&parent=13"}],"curies":[{"name":"wp","href":"https:\/\/api.w.org\/{rel}","templated":true}]}}